{"id":12390,"date":"2018-02-03T20:51:53","date_gmt":"2018-02-03T19:51:53","guid":{"rendered":"http:\/\/jordivilaltapm.com\/?page_id=12390"},"modified":"2018-03-18T09:47:46","modified_gmt":"2018-03-18T08:47:46","slug":"sobre-mi","status":"publish","type":"page","link":"https:\/\/jordivilaltapm.com\/es\/sobre-mi\/","title":{"rendered":"Sobre mi"},"content":{"rendered":"<p><div class=\"fusion-fullwidth fullwidth-box nonhundred-percent-fullwidth non-hundred-percent-height-scrolling\"  style='background-color: rgba(255,255,255,0);background-position: center center;background-repeat: no-repeat;padding-top:0px;padding-right:0px;padding-bottom:0px;padding-left:0px;'><div class=\"fusion-builder-row fusion-row \"><div  class=\"fusion-layout-column fusion_builder_column fusion_builder_column_1_1  fusion-one-full fusion-column-first fusion-column-last 1_1\"  style='margin-top:0px;margin-bottom:20px;'>\n\t\t\t\t\t<div class=\"fusion-column-wrapper\" style=\"padding: 0px 0px 0px 0px;background-position:left top;background-repeat:no-repeat;-webkit-background-size:cover;-moz-background-size:cover;-o-background-size:cover;background-size:cover;\"  data-bg-url=\"\">\n\t\t\t\t\t\t<div class=\"fusion-title title fusion-title-size-one\" style=\"margin-top:0px;margin-bottom:31px;\"><h1 class=\"title-heading-left\">Sobre mi<\/h1><div class=\"title-sep-container\"><div class=\"title-sep sep-single sep-solid\" style=\"border-color:#0084cb;\"><\/div><\/div><\/div><div class=\"fusion-clearfix\"><\/div>\n\n\t\t\t\t\t<\/div>\n\t\t\t\t<\/div><\/div><\/div><div class=\"fusion-fullwidth fullwidth-box hundred-percent-fullwidth non-hundred-percent-height-scrolling\"  style='background-color: rgba(255,255,255,0);background-position: center center;background-repeat: no-repeat;padding-top:0px;padding-right:0px;padding-bottom:0px;padding-left:0px;'><div class=\"fusion-builder-row fusion-row \"><div  class=\"fusion-layout-column fusion_builder_column fusion_builder_column_1_2  fusion-one-half fusion-column-first 1_2\"  style='margin-top:0px;margin-bottom:20px;width:48%; margin-right: 4%;'>\n\t\t\t\t\t<div class=\"fusion-column-wrapper\" style=\"padding: 0px 0px 0px 0px;background-position:left top;background-repeat:no-repeat;-webkit-background-size:cover;-moz-background-size:cover;-o-background-size:cover;background-size:cover;\"  data-bg-url=\"\">\n\t\t\t\t\t\t<div class=\"fusion-person person fusion-person-left fusion-person-icon-top\"><div class=\"person-shortcode-image-wrapper\"><div class=\"person-image-container hover-type-none\" style=\"-webkit-border-radius:0px;-moz-border-radius:0px;border-radius:0px;\"><img loading=\"lazy\" decoding=\"async\" class=\"person-img img-responsive wp-image-13185\" style=\"-webkit-border-radius:0px;-moz-border-radius:0px;border-radius:0px;border:0px solid #f6f6f6;\" width=\"589\" height=\"401\" src=\"http:\/\/jordivilaltapm.com\/wp-content\/uploads\/2018\/01\/Jordi-Vilalta.jpg\" alt=\"Jordi Vilalta\" srcset=\"https:\/\/jordivilaltapm.com\/wp-content\/uploads\/2018\/01\/Jordi-Vilalta-200x136.jpg 200w, https:\/\/jordivilaltapm.com\/wp-content\/uploads\/2018\/01\/Jordi-Vilalta-400x272.jpg 400w, https:\/\/jordivilaltapm.com\/wp-content\/uploads\/2018\/01\/Jordi-Vilalta.jpg 589w\" sizes=\"auto, (max-width: 800px) 100vw, 589px\" \/><\/div><\/div><div class=\"person-desc\"><div class=\"person-author\"><div class=\"person-author-wrapper\"><span class=\"person-name\">Jordi Vilalta<\/span><span class=\"person-title\">Arquitecto T\u00e9cnico - Project Manager<\/span><\/div><div class=\"fusion-social-networks boxed-icons\"><div class=\"fusion-social-networks-wrapper\"><a class=\"fusion-social-network-icon fusion-tooltip fusion-linkedin fusion-icon-linkedin\" aria-label=\"fusion-linkedin\" href=\"https:\/\/es.linkedin.com\/in\/jordi-vilalta-raspau-49461839\" target=\"_blank\" rel=\"noopener noreferrer\" style=\"color:#bebdbd;background-color:#e8e8e8;border-color:#e8e8e8;border-radius:4px;font-size:16px;padding:8px;\" data-placement=\"top\" data-title=\"Linkedin\" title=\"Linkedin\" data-toggle=\"tooltip\"><\/a><\/div><\/div><\/div><div class=\"person-content fusion-clearfix\"><\/div><\/div><\/div><div class=\"fusion-clearfix\"><\/div>\n\n\t\t\t\t\t<\/div>\n\t\t\t\t<\/div><div  class=\"fusion-layout-column fusion_builder_column fusion_builder_column_1_2  fusion-one-half fusion-column-last 1_2\"  style='margin-top:0px;margin-bottom:20px;width:48%'>\n\t\t\t\t\t<div class=\"fusion-column-wrapper\" style=\"padding: 0px 0px 0px 0px;background-position:left top;background-repeat:no-repeat;-webkit-background-size:cover;-moz-background-size:cover;-o-background-size:cover;background-size:cover;\"  data-bg-url=\"\">\n\t\t\t\t\t\t<div class=\"fusion-text\"><p lang=\"zxx\">Soy titulado en <strong><b>Arquitectura T\u00e9cnica e Ingenieria de la Edificaci\u00f3n <\/b><\/strong>por la Universitat de Girona y\u00a0<strong><b>M\u00e1ster en Project Management<\/b><\/strong>\u00a0\u200bpor La Salle, Universitat Ramon Llull. Cuento con\u00a0 <strong><b>m\u00e1s de doce a\u00f1os de experiencia <\/b><\/strong>en el sector.\u00a0Entre otras empresas, ha trabajado en\u00a0<strong>Bellapart<\/strong> durante cinco a\u00f1os donde ha sido miembro de los equipos que han desarrollado proyectos como la construcci\u00f3n de las nuevas destiler\u00edas y el centro de visitantes de Bombay Sapphire o la construcci\u00f3n de la marquesina de entrada del Hotel Berkeley en Londres, ambos galardonados con el\u00a0<strong>Premio Internacional Awards For Fa\u00e7ade Engineering Excellence\u00a0<\/strong>atorgado por la\u00a0<strong>Society of Fa\u00e7ade Engineering.<\/strong><\/p>\n<p lang=\"zxx\"><strong>El a\u00f1o 2018\u00a0 creo mi propio despacho de arquitectura t\u00e9cnica,<\/strong>\u00a0con sede en la Garrotxa (Girona), que nace de la necesidad de la gesti\u00f3n integral de proyectos de construcci\u00f3n, creado y dirigido por Jordi Vilalta.<\/p>\n<p>Estoy en continua colaboraci\u00f3n con profesionales del sector para ofrecer una amplia gama de servicios y satisfacer las necesidades de cada uno de los clientes con <strong>transparencia, eficacia y calidad<\/strong>.<\/p>\n<\/div><div class=\"fusion-sep-clear\"><\/div><div class=\"fusion-separator fusion-full-width-sep sep-single sep-solid\" style=\"border-color:#e0dede;border-top-width:1px;margin-left: auto;margin-right: auto;margin-top:20px;margin-bottom:20px;\"><\/div><style type=\"text\/css\" scoped=\"scoped\">.fusion-accordian  #accordion-12390-1 .panel-title a .fa-fusion-box{ color: #ffffff;}.fusion-accordian  #accordion-12390-1 .panel-title a .fa-fusion-box:before{ font-size: 13px; width: 13px;}<\/style><div class=\"accordian fusion-accordian\"><div class=\"panel-group\" id=\"accordion-12390-1\"><div class=\"fusion-panel panel-default\"><div class=\"panel-heading\"><h4 class=\"panel-title toggle\"><a data-toggle=\"collapse\" data-parent=\"#accordion-12390-1\" data-target=\"#45e82f44b5f8559e6\" href=\"#45e82f44b5f8559e6\"><div class=\"fusion-toggle-icon-wrapper\"><i class=\"fa-fusion-box\"><\/i><\/div><div class=\"fusion-toggle-heading\">Formaci\u00f3n<\/div><\/a><\/h4><\/div><div id=\"45e82f44b5f8559e6\" class=\"panel-collapse collapse \"><div class=\"panel-body toggle-content\">\n<p><span style=\"text-decoration: underline;\">ESTUDIOS UNIVERSITARIOS<\/span><\/p>\n<ul>\n<li><strong>Arquitectura T\u00e9cnica<\/strong> (2004, Universitat de Girona)<\/li>\n<li><strong>Ingenier\u00eda de la Edificaci\u00f3n <\/strong>(2011, Universitat de Girona)<\/li>\n<li><strong>MPM. M\u00e1ster en Project Management<\/strong> (2012, La Salle. Universitat Ramon Llull)<\/li>\n<\/ul>\n<p><span style=\"text-decoration: underline;\">FORMACI\u00d3N COMPLEMENTARIA:<\/span><\/p>\n<ul>\n<li><strong>Gesti\u00f3 Medi Ambiental<\/strong> <strong>-GMA-<\/strong> (Institut de Tecnologia de la Construcci\u00f3, 2018)<\/li>\n<li><strong>Building Research Establishment&#8217;s Enviromental Assessment Method -BREEAM-\u00a0<\/strong>(Institut de Tecnologia de la Construcci\u00f3, 2018)<\/li>\n<li><strong>T\u00e9cnico Superior en Prevenci\u00f3n de Riesgos Laborals<\/strong> en las especialidades de Seguridad en el Trabajo, Higiene Industrial y Ergonom\u00eda y Psicosociolog\u00eda Aplicada, ECA (2010)<\/li>\n<li>Postgrado de Construct\u00a0 Management (Col\u00b7legi d\u2019Aparelladors i Arquitectes T\u00e8cnics de Barcelona)<\/li>\n<li>Curso TCQ2000, Institut de Tecnologia de la Construcci\u00f3 de Catalunya (2009)<\/li>\n<li>Curso de Microsoft Project (2006, Col\u00b7legi d\u2019Aparelladors i Arquitectes T\u00e8cnics de Girona)<\/li>\n<li>Curso de Topograf\u00eda para Ingenieros, Arquitectos T\u00e9cnicos y Jefes de obra (Structuralia)<\/li>\n<\/ul>\n<p><span style=\"text-decoration: underline;\">IDIOMAS:<\/span><\/p>\n<ul>\n<li>Catal\u00e1n (lengua materna)<\/li>\n<li>Castellano (competencia biling\u00fce)<\/li>\n<li>Ingl\u00e9s (avanzado)<\/li>\n<\/ul>\n<\/div><\/div><\/div><div class=\"fusion-panel panel-default\"><div class=\"panel-heading\"><h4 class=\"panel-title toggle\"><a data-toggle=\"collapse\" data-parent=\"#accordion-12390-1\" data-target=\"#a84abff3e3d397b13\" href=\"#a84abff3e3d397b13\"><div class=\"fusion-toggle-icon-wrapper\"><i class=\"fa-fusion-box\"><\/i><\/div><div class=\"fusion-toggle-heading\">Experiencia laboral<\/div><\/a><\/h4><\/div><div id=\"a84abff3e3d397b13\" class=\"panel-collapse collapse \"><div class=\"panel-body toggle-content\">\n<h3><strong>01\/09\/2012 &#8211; 31\/01\/2018<\/strong><br \/>\n<strong> Project Manager en Bellapart Grup<br \/>\n<\/strong><\/h3>\n<p>ROLES Y RESPONSABILIDADES:<\/p>\n<ul>\n<li>Mantener la inercia del proyecto durante su ciclo de vida<\/li>\n<li>Preparar, asistir y dirigir las diferentes visitas de obra<\/li>\n<li>Definir, gestionar y controlar los riesgos del propio proyecto<\/li>\n<li>Gestionar los recursos humanos y materiales necesarios para la ejecuci\u00f3n de los trabajos.<\/li>\n<li>Asegurar en todo momento que los trabajos se realizan en los plazos, costos y calidad estimados.<\/li>\n<li>Mantener las buenas relaciones con los interlocutores de los clientes en la obra, en la oficina y con el resto de industriales.<\/li>\n<li>Asegurar la imagen de la empresa.<\/li>\n<li>Mantener la oficina t\u00e9cnica informada del progreso de la obra.<\/li>\n<li>Mantener al contractista principal informado de las necesidades de la obra.<\/li>\n<\/ul>\n<p>PROYECTOS REALIZADOS EN LA EMPRESA:<\/p>\n<ul>\n<li>Project Manager &#8211;<a href=\"http:\/\/www.bellapart.com\/es\/proyectos\/estructura-prueba\/centro-comercial-recreativo-magic-badalona.html\" target=\"_blank\" rel=\"noopener\" data-saferedirecturl=\"https:\/\/www.google.com\/url?hl=ca&amp;q=http:\/\/www.bellapart.com\/es\/proyectos\/estructura-prueba\/centro-comercial-recreativo-magic-badalona.html&amp;source=gmail&amp;ust=1517765136421000&amp;usg=AFQjCNF7XT-FQAxss5bC1hkV07gk36lQdQ\"> Reposici\u00f3n de los paneles en el centro comercial M\u00e0gic Badalona<\/a><\/li>\n<li>Colaboraci\u00f3n y soporte al Project Manager \u2013 <a href=\"http:\/\/www.bellapart.com\/es\/proyectos\/estructura-prueba\/centro-comercial-milaneo.html\" target=\"_blank\" rel=\"noopener\" data-saferedirecturl=\"https:\/\/www.google.com\/url?hl=ca&amp;q=http:\/\/www.bellapart.com\/es\/proyectos\/estructura-prueba\/centro-comercial-milaneo.html&amp;source=gmail&amp;ust=1517765136421000&amp;usg=AFQjCNET_utNg-zTfOYehwHPcR85ReuFXQ\">Centro Comercial Milaneo Stuttgart<\/a>, Alemania<\/li>\n<li>Colaboraci\u00f3n y soporte al Project Manager \u2013\u00a0<a href=\"http:\/\/www.bellapart.com\/es\/proyectos\/facades-and-building-envelopes\/museo-soulages.html\" target=\"_blank\" rel=\"noopener\" data-saferedirecturl=\"https:\/\/www.google.com\/url?hl=ca&amp;q=http:\/\/www.bellapart.com\/es\/proyectos\/facades-and-building-envelopes\/museo-soulages.html&amp;source=gmail&amp;ust=1517765136421000&amp;usg=AFQjCNE2DE5y1V648TlkKI0OfO240y9McA\">Museo Sulages Rodez<\/a>, Francia<\/li>\n<li>Site Manager \u2013 <a href=\"http:\/\/www.bellapart.com\/es\/proyectos\/estructura-prueba\/invernaderos-para-la-destileria-bombay-%20sapphire.html\" target=\"_blank\" rel=\"noopener\" data-saferedirecturl=\"https:\/\/www.google.com\/url?hl=ca&amp;q=http:\/\/www.bellapart.com\/es\/proyectos\/estructura-prueba\/invernaderos-para-la-destileria-bombay-%2520sapphire.html&amp;source=gmail&amp;ust=1517765136421000&amp;usg=AFQjCNEy_nKhnRk_YFNiRN8Rj5TgnuR8IQ\">Invernaderos para la destileria Bombay Saphire <\/a>,\u00a0Laverstoke, U.K<\/li>\n<li>Project Manager \u2013 Cl\u00ednica dental Plana-Arcos, Olot<\/li>\n<li>Project Manager \/ Site Manager \u2013\u00a0 Kings Gate &amp; the Zig Zag Building, Londres, U.K<\/li>\n<li>Project Manager \/ Site Manager \u2013 The Shard,\u00a0 Londres, U.K<\/li>\n<li>Site Manager \u2013\u00a0<a href=\"http:\/\/www.bellapart.com\/es\/proyectos\/vidrio-estructural\/tineda-en-bruselas.html\" target=\"_blank\" rel=\"noopener\" data-saferedirecturl=\"https:\/\/www.google.com\/url?hl=ca&amp;q=http:\/\/www.bellapart.com\/es\/proyectos\/vidrio-estructural\/tineda-en-bruselas.html&amp;source=gmail&amp;ust=1517765136421000&amp;usg=AFQjCNFrCqJpKkDKtqGkqMxUFsGPghDJBw\">Flagship Brussels Sotre\u00a0<\/a>, Bruselas, B\u00e9lgica<\/li>\n<li>Proejct Manager &#8211; <a href=\"http:\/\/www.bellapart.com\/es\/proyectos\/wip\/kings-court.html\">Kings Court<\/a><\/li>\n<li>Project Manager \/ Site Manager \u2013\u00a0<a href=\"http:\/\/www.bellapart.com\/es\/proyectos\/estructura-prueba\/marquesina-de-entrada-del-hotel-berkeley.html\" target=\"_blank\" rel=\"noopener\" data-saferedirecturl=\"https:\/\/www.google.com\/url?hl=ca&amp;q=http:\/\/www.bellapart.com\/es\/proyectos\/estructura-prueba\/marquesina-de-entrada-del-hotel-berkeley.html&amp;source=gmail&amp;ust=1517765136422000&amp;usg=AFQjCNFBulesuw9sH1joadQ5Cft9Isq7wg\">Marquesina de entrada del Hotel Berkeley<\/a>,\u00a0Londres, U.K<\/li>\n<li>Colaboraci\u00f3n y soporte al Project Manager \u2013\u00a0 <a href=\"http:\/\/www.bellapart.com\/es\/proyectos\/vidrio-estructural\/flagship-marche-saint-germain.html\">Flagship Paris Store<\/a>, Par\u00eds, Francia<\/li>\n<li>Colaboraci\u00f3n y soporte al Site Manager &#8211; <a href=\"http:\/\/www.bellapart.com\/es\/proyectos\/wip\/edificio-torre-europa.html\">Torre Europa<\/a>, Madrid<\/li>\n<li>Maintenance Manager &#8211; <a href=\"http:\/\/www.bellapart.com\/es\/proyectos\/facades-and-building-envelopes\/flagship-aix-en-provence-store.html\">Aix en Provence<\/a>, Francia<\/li>\n<li>Maintenance Manager &#8211; <a href=\"http:\/\/www.bellapart.com\/es\/proyectos\/estructura-prueba\/chateau-pedesclaux-.html\">Chateau Pedesclaux<\/a>, Francia<\/li>\n<li>Maintenance Manager &#8211; <a href=\"http:\/\/www.bellapart.com\/es\/proyectos\/facades-and-building-envelopes\/hotel-me-londres.html\">ME Lodnon<\/a>. Londres<\/li>\n<li>Maintenance Manager &#8211; <a href=\"http:\/\/www.bellapart.com\/es\/proyectos\/facades-and-building-envelopes\/ambar-telecomunicaciones.html\">Ambar<\/a>, Santander<\/li>\n<li>Maintenance Manager &#8211; <a href=\"http:\/\/www.bellapart.com\/es\/proyectos\/estructura-prueba\/iberdrola.html\">Torre Iberdrola<\/a>, Bilbao<\/li>\n<\/ul>\n<hr \/>\n<h3><strong>08\/04\/2008 &#8211; 24\/04\/2012<\/strong><br \/>\n<strong> COEMPCO, S.A.<\/strong><\/h3>\n<p>ROL: Arquitecto T\u00e9cnico y Jefe de obras\u00a0 (Direcci\u00f3n de la ejecuci\u00f3n material en fase de ejecuci\u00f3n)<\/p>\n<hr \/>\n<h3><strong>06-2004\/04-2008<\/strong><br \/>\n<strong> Estudis i Projectes La Vall, S.L<\/strong><\/h3>\n<p>ROL:\u00a0 Arquitecto T\u00e9cnico y Jefe de obras<\/p>\n<hr \/>\n<h3><strong>06\/2001-10\/2001<\/strong><br \/>\n<strong> Olot Serveis de Construcci\u00f3<\/strong><\/h3>\n<p>Pr\u00e1cticas del ciclo formativo de grado superior.<\/p>\n<hr \/>\n<h3><strong>11\/2001-06\/2002<\/strong><br \/>\n<strong> Fuses-Viader, Arquitectes \/ Montse Nogu\u00e9s, Arquitecta<\/strong><\/h3>\n<p>ROL: delineante<\/p>\n<hr \/>\n<h3><strong>01\/2004-2005<\/strong><br \/>\n<strong> Realitzaci\u00f3n del Cat\u00e1logo de Mas\u00edas del municipio de Amer\u00a0<\/strong><\/h3>\n<p>Colaboraci\u00f3n con la arquitecta Teresa Solar.<\/p>\n<\/div><\/div><\/div><\/div><\/div><div class=\"fusion-clearfix\"><\/div>\n\n\t\t\t\t\t<\/div>\n\t\t\t\t<\/div><\/div><\/div><\/p>\n","protected":false},"excerpt":{"rendered":"","protected":false},"author":1,"featured_media":0,"parent":0,"menu_order":0,"comment_status":"closed","ping_status":"closed","template":"","meta":{"footnotes":""},"class_list":["post-12390","page","type-page","status-publish","hentry"],"_links":{"self":[{"href":"https:\/\/jordivilaltapm.com\/es\/wp-json\/wp\/v2\/pages\/12390","targetHints":{"allow":["GET"]}}],"collection":[{"href":"https:\/\/jordivilaltapm.com\/es\/wp-json\/wp\/v2\/pages"}],"about":[{"href":"https:\/\/jordivilaltapm.com\/es\/wp-json\/wp\/v2\/types\/page"}],"author":[{"embeddable":true,"href":"https:\/\/jordivilaltapm.com\/es\/wp-json\/wp\/v2\/users\/1"}],"replies":[{"embeddable":true,"href":"https:\/\/jordivilaltapm.com\/es\/wp-json\/wp\/v2\/comments?post=12390"}],"version-history":[{"count":10,"href":"https:\/\/jordivilaltapm.com\/es\/wp-json\/wp\/v2\/pages\/12390\/revisions"}],"predecessor-version":[{"id":13835,"href":"https:\/\/jordivilaltapm.com\/es\/wp-json\/wp\/v2\/pages\/12390\/revisions\/13835"}],"wp:attachment":[{"href":"https:\/\/jordivilaltapm.com\/es\/wp-json\/wp\/v2\/media?parent=12390"}],"curies":[{"name":"wp","href":"https:\/\/api.w.org\/{rel}","templated":true}]}}