{"id":12359,"date":"2018-02-03T20:09:42","date_gmt":"2018-02-03T19:09:42","guid":{"rendered":"http:\/\/jordivilaltapm.com\/?page_id=12359"},"modified":"2018-02-03T20:36:15","modified_gmt":"2018-02-03T19:36:15","slug":"apertura-de-locales-cambio-de-actividades-permisos-y-licencias","status":"publish","type":"page","link":"https:\/\/jordivilaltapm.com\/es\/servicios\/arquitecto-tecnico\/apertura-de-locales-cambio-de-actividades-permisos-y-licencias\/","title":{"rendered":"Apertura de locales \/ cambio de actividades. Permisos y licencias"},"content":{"rendered":"<p><div class=\"fusion-fullwidth fullwidth-box nonhundred-percent-fullwidth non-hundred-percent-height-scrolling\"  style='background-color: rgba(255,255,255,0);background-position: center center;background-repeat: no-repeat;padding-top:0px;padding-right:0px;padding-bottom:0px;padding-left:0px;'><div class=\"fusion-builder-row fusion-row \"><div  class=\"fusion-layout-column fusion_builder_column fusion_builder_column_1_1  fusion-one-full fusion-column-first fusion-column-last 1_1\"  style='margin-top:0px;margin-bottom:20px;'>\n\t\t\t\t\t<div class=\"fusion-column-wrapper\" style=\"padding: 0px 0px 0px 0px;background-position:left top;background-repeat:no-repeat;-webkit-background-size:cover;-moz-background-size:cover;-o-background-size:cover;background-size:cover;\"  data-bg-url=\"\">\n\t\t\t\t\t\t<div class=\"fusion-title title fusion-title-size-one\" style=\"margin-top:0px;margin-bottom:31px;\"><h1 class=\"title-heading-left\">Apertura de locales \/ cambio de actividades. Permisos y licencias<\/h1><div class=\"title-sep-container\"><div class=\"title-sep sep-single sep-solid\" style=\"border-color:#0084cb;\"><\/div><\/div><\/div><div class=\"fusion-clearfix\"><\/div>\n\n\t\t\t\t\t<\/div>\n\t\t\t\t<\/div><\/div><\/div><div class=\"fusion-fullwidth fullwidth-box nonhundred-percent-fullwidth non-hundred-percent-height-scrolling\"  style='background-color: rgba(255,255,255,0);background-position: center center;background-repeat: no-repeat;padding-top:0px;padding-right:0px;padding-bottom:0px;padding-left:0px;'><div class=\"fusion-builder-row fusion-row \"><div  class=\"fusion-layout-column fusion_builder_column fusion_builder_column_1_3  fusion-one-third fusion-column-first 1_3\"  style='margin-top:0px;margin-bottom:20px;width:33.33%;width:calc(33.33% - ( ( 4% ) * 0.3333 ) );margin-right: 4%;'>\n\t\t\t\t\t<div class=\"fusion-column-wrapper\" style=\"padding: 0px 0px 0px 0px;background-position:left top;background-repeat:no-repeat;-webkit-background-size:cover;-moz-background-size:cover;-o-background-size:cover;background-size:cover;\"  data-bg-url=\"\">\n\t\t\t\t\t\t<div class=\"fusion-button-wrapper fusion-aligncenter\"><style type=\"text\/css\" scoped=\"scoped\">.fusion-button.button-1 .fusion-button-text, .fusion-button.button-1 i {color:#ffffff;}.fusion-button.button-1 {border-width:0px;border-color:#ffffff;}.fusion-button.button-1 .fusion-button-icon-divider{border-color:#ffffff;}.fusion-button.button-1:hover .fusion-button-text, .fusion-button.button-1:hover i,.fusion-button.button-1:focus .fusion-button-text, .fusion-button.button-1:focus i,.fusion-button.button-1:active .fusion-button-text, .fusion-button.button-1:active{color:#ffffff;}.fusion-button.button-1:hover, .fusion-button.button-1:focus, .fusion-button.button-1:active{border-width:0px;border-color:#ffffff;}.fusion-button.button-1:hover .fusion-button-icon-divider, .fusion-button.button-1:hover .fusion-button-icon-divider, .fusion-button.button-1:active .fusion-button-icon-divider{border-color:#ffffff;}.fusion-button.button-1{width:auto;}<\/style><a class=\"fusion-button button-flat fusion-button-round button-large button-default button-1\" target=\"_self\" href=\"http:\/\/jordivilaltapm.com\/contacto\/?lang=es\"><span class=\"fusion-button-text\">Solicite presupuesto. Asesoramiento gratuito<\/span><\/a><\/div><div class=\"fusion-sep-clear\"><\/div><div class=\"fusion-separator fusion-full-width-sep sep-none\" style=\"margin-left: auto;margin-right: auto;margin-top:50px;\"><\/div><div class=\"fusion-text\"><p><img loading=\"lazy\" decoding=\"async\" class=\"aligncenter size-full wp-image-12017\" src=\"http:\/\/jordivilaltapm.com\/wp-content\/uploads\/2018\/01\/OBERTURA-LOCALS.jpg\" alt=\"\" width=\"800\" height=\"533\" srcset=\"https:\/\/jordivilaltapm.com\/wp-content\/uploads\/2018\/01\/OBERTURA-LOCALS-200x133.jpg 200w, https:\/\/jordivilaltapm.com\/wp-content\/uploads\/2018\/01\/OBERTURA-LOCALS-300x200.jpg 300w, https:\/\/jordivilaltapm.com\/wp-content\/uploads\/2018\/01\/OBERTURA-LOCALS-400x267.jpg 400w, https:\/\/jordivilaltapm.com\/wp-content\/uploads\/2018\/01\/OBERTURA-LOCALS-600x400.jpg 600w, https:\/\/jordivilaltapm.com\/wp-content\/uploads\/2018\/01\/OBERTURA-LOCALS-768x512.jpg 768w, https:\/\/jordivilaltapm.com\/wp-content\/uploads\/2018\/01\/OBERTURA-LOCALS.jpg 800w\" sizes=\"auto, (max-width: 800px) 100vw, 800px\" \/><\/p>\n<\/div><div class=\"fusion-clearfix\"><\/div>\n\n\t\t\t\t\t<\/div>\n\t\t\t\t<\/div><div  class=\"fusion-layout-column fusion_builder_column fusion_builder_column_2_3  fusion-two-third fusion-column-last 2_3\"  style='margin-top:0px;margin-bottom:20px;width:66.66%;width:calc(66.66% - ( ( 4% ) * 0.6666 ) );'>\n\t\t\t\t\t<div class=\"fusion-column-wrapper\" style=\"padding: 0px 0px 0px 0px;background-position:left top;background-repeat:no-repeat;-webkit-background-size:cover;-moz-background-size:cover;-o-background-size:cover;background-size:cover;\"  data-bg-url=\"\">\n\t\t\t\t\t\t<div class=\"fusion-text\"><div class=\"fusion-fullwidth fullwidth-box nonhundred-percent-fullwidth non-hundred-percent-height-scrolling\" style=\"background-color: #ffffff; background-position: left top; background-repeat: no-repeat; border-top-width: 0px; border-bottom-width: 0px; border-color: #f6f6f6; border-top-style: solid; border-bottom-style: solid; padding: 0px 30px 0px 30px;\">\n<div class=\"fusion-builder-row fusion-row \">\n<div class=\"fusion-layout-column fusion_builder_column fusion_builder_column_1_1 fusion-one-full fusion-column-first fusion-column-last fusion-column-no-min-height 1_1\" style=\"margin-top: 0px; margin-bottom: 0px;\">\n<div class=\"fusion-column-wrapper\" style=\"background-position: left top; background-repeat: no-repeat; -webkit-background-size: cover; -moz-background-size: cover; -o-background-size: cover; background-size: cover;\" data-bg-url=\"\">\n<style type='text\/css'>.reading-box-container-1 .element-bottomshadow:before,.reading-box-container-1 .element-bottomshadow:after{opacity:0.7;}<\/style>\n<div class=\"fusion-reading-box-container reading-box-container-1\" style=\"margin-top: 0px; margin-bottom: 84px;\">\n<div class=\"reading-box element-bottomshadow\" style=\"background-color: #fff; border-top-width: 3px; border-top-color: #0084cb; border: 1px solid #e8e6e6;\">\n<div class=\"reading-box-description\">\n<p><em><big>Si quieres <strong>emprender un negocio<\/strong> debes conocer en profundidad los tr\u00e1mites necesarios para poder empezar tu actividad.<\/big><\/em><\/p>\n<p><em><big>Uno de los primeros permisos que se debe obtener es la <strong>Licencia de apertura y actividad.\u00a0<\/strong>A pesar de que se utilizan los dos conceptos a la vez, son permisos diferentes que se deben tramitar.\u00a0<\/big><\/em><\/p>\n<p><em><big> Por un lado, la <strong>Licencia de actividad<\/strong> es un <strong>permiso necesario para poder desarrollar tu trabajo<\/strong>. Los requisitos depender\u00e1n de la naturaleza de la actividad. Depende de algunos factores como la tipologia de actividad, la superficie del local o la potencia de la maquinaria que se quiere instalar. Para obtenerlo se debe presentar el proyecto de actividad y obra, d\u00f3nde se <strong>demuestre que el local es adecuado y cumple con todas las normativas<\/strong> para poder desarrollar la actividad que se propone.\u00a0<\/big><\/em><\/p>\n<p><em><big>Por otro lado, la Licencia de apertura certifica que <strong>se cumplen todas la condiciones necesarias para comenzar la actividad en este local<\/strong>. Para solicitarla, se debe presentar toda la documentaci\u00f3n requerida ax\u00ed como las modificaciones y obras realizadas. Despu\u00e9s, el ayuntamiento se encarga de tramitar la licencia y comunicar que se puede proceder a la actividad en el local.\u00a0<\/big><\/em><\/p>\n<p><em><big><strong>Hay algunas excen<\/strong><\/big><\/em><em><big><strong>ciones en las licencias de apertura i actividad.\u00a0<\/strong><\/big><\/em><\/p>\n<\/div>\n<div class=\"fusion-clearfix\"><\/div>\n<\/div>\n<\/div>\n<div class=\"fusion-clearfix\"><\/div>\n<\/div>\n<\/div>\n<\/div>\n<\/div>\n<\/div><div class=\"fusion-clearfix\"><\/div>\n\n\t\t\t\t\t<\/div>\n\t\t\t\t<\/div><\/div><\/div><\/p>\n","protected":false},"excerpt":{"rendered":"","protected":false},"author":1,"featured_media":0,"parent":12329,"menu_order":0,"comment_status":"closed","ping_status":"closed","template":"","meta":{"footnotes":""},"class_list":["post-12359","page","type-page","status-publish","hentry"],"_links":{"self":[{"href":"https:\/\/jordivilaltapm.com\/es\/wp-json\/wp\/v2\/pages\/12359","targetHints":{"allow":["GET"]}}],"collection":[{"href":"https:\/\/jordivilaltapm.com\/es\/wp-json\/wp\/v2\/pages"}],"about":[{"href":"https:\/\/jordivilaltapm.com\/es\/wp-json\/wp\/v2\/types\/page"}],"author":[{"embeddable":true,"href":"https:\/\/jordivilaltapm.com\/es\/wp-json\/wp\/v2\/users\/1"}],"replies":[{"embeddable":true,"href":"https:\/\/jordivilaltapm.com\/es\/wp-json\/wp\/v2\/comments?post=12359"}],"version-history":[{"count":3,"href":"https:\/\/jordivilaltapm.com\/es\/wp-json\/wp\/v2\/pages\/12359\/revisions"}],"predecessor-version":[{"id":12374,"href":"https:\/\/jordivilaltapm.com\/es\/wp-json\/wp\/v2\/pages\/12359\/revisions\/12374"}],"up":[{"embeddable":true,"href":"https:\/\/jordivilaltapm.com\/es\/wp-json\/wp\/v2\/pages\/12329"}],"wp:attachment":[{"href":"https:\/\/jordivilaltapm.com\/es\/wp-json\/wp\/v2\/media?parent=12359"}],"curies":[{"name":"wp","href":"https:\/\/api.w.org\/{rel}","templated":true}]}}