{"id":12342,"date":"2018-02-03T19:23:24","date_gmt":"2018-02-03T18:23:24","guid":{"rendered":"http:\/\/jordivilaltapm.com\/?page_id=12342"},"modified":"2018-02-03T19:33:06","modified_gmt":"2018-02-03T18:33:06","slug":"cedula-de-habitabilidad-de-segunda-ocupacion","status":"publish","type":"page","link":"https:\/\/jordivilaltapm.com\/es\/servicios\/arquitecto-tecnico\/cedula-de-habitabilidad-de-segunda-ocupacion\/","title":{"rendered":"C\u00e9dula de habitabilidad de segunda ocupaci\u00f3n"},"content":{"rendered":"<p><div class=\"fusion-fullwidth fullwidth-box nonhundred-percent-fullwidth non-hundred-percent-height-scrolling\"  style='background-color: rgba(255,255,255,0);background-position: center center;background-repeat: no-repeat;padding-top:0px;padding-right:0px;padding-bottom:0px;padding-left:0px;'><div class=\"fusion-builder-row fusion-row \"><div  class=\"fusion-layout-column fusion_builder_column fusion_builder_column_1_1  fusion-one-full fusion-column-first fusion-column-last 1_1\"  style='margin-top:0px;margin-bottom:20px;'>\n\t\t\t\t\t<div class=\"fusion-column-wrapper\" style=\"padding: 0px 0px 0px 0px;background-position:left top;background-repeat:no-repeat;-webkit-background-size:cover;-moz-background-size:cover;-o-background-size:cover;background-size:cover;\"  data-bg-url=\"\">\n\t\t\t\t\t\t<div class=\"fusion-title title fusion-title-size-one\" style=\"margin-top:0px;margin-bottom:31px;\"><h1 class=\"title-heading-left\">C\u00e9dula de habitabilidad de segunda ocupaci\u00f3n<\/h1><div class=\"title-sep-container\"><div class=\"title-sep sep-single sep-solid\" style=\"border-color:#0084cb;\"><\/div><\/div><\/div><div class=\"fusion-text\"><div class=\"fusion-fullwidth fullwidth-box nonhundred-percent-fullwidth non-hundred-percent-height-scrolling\" style=\"background-color: #ffffff; background-position: left top; background-repeat: no-repeat; border-top-width: 0px; border-bottom-width: 0px; border-color: #f6f6f6; border-top-style: solid; border-bottom-style: solid; padding: 0px 30px 0px 30px;\">\n<div class=\"fusion-builder-row fusion-row \">\n<div class=\"fusion-layout-column fusion_builder_column fusion_builder_column_1_1 fusion-one-full fusion-column-first fusion-column-last fusion-column-no-min-height 1_1\" style=\"margin-top: 0px; margin-bottom: 0px;\">\n<div class=\"fusion-column-wrapper\" style=\"background-position: left top; background-repeat: no-repeat; -webkit-background-size: cover; -moz-background-size: cover; -o-background-size: cover; background-size: cover;\" data-bg-url=\"\">\n<style type='text\/css'>.reading-box-container-1 .element-bottomshadow:before,.reading-box-container-1 .element-bottomshadow:after{opacity:0.7;}<\/style>\n<div class=\"fusion-reading-box-container reading-box-container-1\" style=\"margin-top: 0px; margin-bottom: 0px;\">\n<div class=\"reading-box element-bottomshadow\" style=\"background-color: #fff; border-top-width: 3px; border-top-color: #0084cb; border: 1px solid #e8e6e6;\">\n<div class=\"reading-box-description\">\n<p><em><big>La c\u00e9dula de habitabilidad es un documento administrativo que <strong>acredita que una vivienda cumple las condiciones m\u00ednimas de habitabilidad<\/strong> que prevee la normativa vigente y que es apto para ser destinado a residencia de personas sin prejuicio que se desarrollen en \u00e9l otras actividades autorizadas.\u00a0<\/big><\/em><\/p>\n<p><em><big>La c\u00e9dula de habitabilidad es necesaria para la transmisi\u00f3n de\u00a0 una vivienda a la venta, alquiler o cesi\u00f3n de uso, en primera transmisi\u00f3n o en posteriores (excepto los supuestos de exoneraci\u00f3n que prevee la normativa vigente). Tambi\u00e9n es necesaria para darse de alta de los servicios de agua, electricidad, gas, telecomunicaciones y otros servicios.\u00a0<\/big><\/em><\/p>\n<\/div>\n<div class=\"fusion-clearfix\"><\/div>\n<\/div>\n<\/div>\n<div class=\"fusion-clearfix\"><\/div>\n<\/div>\n<\/div>\n<\/div>\n<\/div>\n<\/div><div class=\"fusion-clearfix\"><\/div>\n\n\t\t\t\t\t<\/div>\n\t\t\t\t<\/div><\/div><\/div><div class=\"fusion-fullwidth fullwidth-box nonhundred-percent-fullwidth non-hundred-percent-height-scrolling\"  style='background-color: rgba(255,255,255,0);background-position: center center;background-repeat: no-repeat;padding-top:0px;padding-right:0px;padding-bottom:0px;padding-left:0px;margin-top: 40px;'><div class=\"fusion-builder-row fusion-row \"><div  class=\"fusion-layout-column fusion_builder_column fusion_builder_column_1_1  fusion-one-full fusion-column-first fusion-column-last 1_1\"  style='margin-top:0px;margin-bottom:20px;'>\n\t\t\t\t\t<div class=\"fusion-column-wrapper\" style=\"padding: 0px 0px 0px 0px;background-position:left top;background-repeat:no-repeat;-webkit-background-size:cover;-moz-background-size:cover;-o-background-size:cover;background-size:cover;\"  data-bg-url=\"\">\n\t\t\t\t\t\t<div class=\"fusion-button-wrapper fusion-aligncenter\"><style type=\"text\/css\" scoped=\"scoped\">.fusion-button.button-1 .fusion-button-text, .fusion-button.button-1 i {color:#ffffff;}.fusion-button.button-1 {border-width:0px;border-color:#ffffff;}.fusion-button.button-1 .fusion-button-icon-divider{border-color:#ffffff;}.fusion-button.button-1:hover .fusion-button-text, .fusion-button.button-1:hover i,.fusion-button.button-1:focus .fusion-button-text, .fusion-button.button-1:focus i,.fusion-button.button-1:active .fusion-button-text, .fusion-button.button-1:active{color:#ffffff;}.fusion-button.button-1:hover, .fusion-button.button-1:focus, .fusion-button.button-1:active{border-width:0px;border-color:#ffffff;}.fusion-button.button-1:hover .fusion-button-icon-divider, .fusion-button.button-1:hover .fusion-button-icon-divider, .fusion-button.button-1:active .fusion-button-icon-divider{border-color:#ffffff;}.fusion-button.button-1{width:auto;}<\/style><a class=\"fusion-button button-flat fusion-button-round button-xlarge button-default button-1\" target=\"_self\" href=\"http:\/\/jordivilaltapm.com\/contacto\/?lang=es\"><span class=\"fusion-button-text\">Solicite presupuesto. Asesoramiento gratuito<\/span><\/a><\/div><div class=\"fusion-clearfix\"><\/div>\n\n\t\t\t\t\t<\/div>\n\t\t\t\t<\/div><\/div><\/div><div class=\"fusion-fullwidth fullwidth-box nonhundred-percent-fullwidth non-hundred-percent-height-scrolling\"  style='background-color: rgba(255,255,255,0);background-position: center center;background-repeat: no-repeat;padding-top:0px;padding-right:0px;padding-bottom:0px;padding-left:0px;margin-top: 50px;'><div class=\"fusion-builder-row fusion-row \"><div  class=\"fusion-layout-column fusion_builder_column fusion_builder_column_1_2  fusion-one-half fusion-column-first 1_2\"  style='margin-top:0px;margin-bottom:20px;width:50%;width:calc(50% - ( ( 4% ) * 0.5 ) );margin-right: 4%;'>\n\t\t\t\t\t<div class=\"fusion-column-wrapper\" style=\"padding: 0px 0px 0px 0px;background-position:left top;background-repeat:no-repeat;-webkit-background-size:cover;-moz-background-size:cover;-o-background-size:cover;background-size:cover;\"  data-bg-url=\"\">\n\t\t\t\t\t\t<div class=\"fusion-title title fusion-sep-none fusion-title-size-two\" style=\"margin-top:0px;margin-bottom:31px;\"><h2 class=\"title-heading-left\">Nos ocupamos de:<\/h2><\/div><div class=\"fusion-text\"><ul>\n<li>Inspecci\u00f3n de la vivienda<\/li>\n<li>Solicitud de la C\u00e9dula de habitabilidad de segunda ocupaci\u00f3n<\/li>\n<li>Certificado de habitabilidad<\/li>\n<li>Tramitaci\u00f3n de la C\u00e8dula a la Direcci\u00f3 General d\u2019Habitatge de la Generalitat de Catalunya<\/li>\n<li>Seguimento del expediente<\/li>\n<li>Asesoramento t\u00e9cnico<\/li>\n<\/ul>\n<\/div><div class=\"fusion-clearfix\"><\/div>\n\n\t\t\t\t\t<\/div>\n\t\t\t\t<\/div><div  class=\"fusion-layout-column fusion_builder_column fusion_builder_column_1_2  fusion-one-half fusion-column-last 1_2\"  style='margin-top:0px;margin-bottom:20px;width:50%;width:calc(50% - ( ( 4% ) * 0.5 ) );'>\n\t\t\t\t\t<div class=\"fusion-column-wrapper\" style=\"padding: 0px 0px 0px 0px;background-position:left top;background-repeat:no-repeat;-webkit-background-size:cover;-moz-background-size:cover;-o-background-size:cover;background-size:cover;\"  data-bg-url=\"\">\n\t\t\t\t\t\t<span class=\"fusion-imageframe imageframe-none imageframe-1 hover-type-none\"><img loading=\"lazy\" decoding=\"async\" src=\"http:\/\/jordivilaltapm.com\/wp-content\/uploads\/2018\/02\/Visita-en-24-h-ES.jpg\" width=\"800\" height=\"400\" alt=\"\" title=\"time concept\" class=\"img-responsive wp-image-13200\" srcset=\"https:\/\/jordivilaltapm.com\/wp-content\/uploads\/2018\/02\/Visita-en-24-h-ES-200x100.jpg 200w, https:\/\/jordivilaltapm.com\/wp-content\/uploads\/2018\/02\/Visita-en-24-h-ES-400x200.jpg 400w, https:\/\/jordivilaltapm.com\/wp-content\/uploads\/2018\/02\/Visita-en-24-h-ES-600x300.jpg 600w, https:\/\/jordivilaltapm.com\/wp-content\/uploads\/2018\/02\/Visita-en-24-h-ES.jpg 800w\" sizes=\"auto, (max-width: 800px) 100vw, 600px\" \/><\/span><div class=\"fusion-clearfix\"><\/div>\n\n\t\t\t\t\t<\/div>\n\t\t\t\t<\/div><\/div><\/div><\/p>\n","protected":false},"excerpt":{"rendered":"","protected":false},"author":1,"featured_media":0,"parent":12329,"menu_order":0,"comment_status":"closed","ping_status":"closed","template":"","meta":{"footnotes":""},"class_list":["post-12342","page","type-page","status-publish","hentry"],"_links":{"self":[{"href":"https:\/\/jordivilaltapm.com\/es\/wp-json\/wp\/v2\/pages\/12342","targetHints":{"allow":["GET"]}}],"collection":[{"href":"https:\/\/jordivilaltapm.com\/es\/wp-json\/wp\/v2\/pages"}],"about":[{"href":"https:\/\/jordivilaltapm.com\/es\/wp-json\/wp\/v2\/types\/page"}],"author":[{"embeddable":true,"href":"https:\/\/jordivilaltapm.com\/es\/wp-json\/wp\/v2\/users\/1"}],"replies":[{"embeddable":true,"href":"https:\/\/jordivilaltapm.com\/es\/wp-json\/wp\/v2\/comments?post=12342"}],"version-history":[{"count":2,"href":"https:\/\/jordivilaltapm.com\/es\/wp-json\/wp\/v2\/pages\/12342\/revisions"}],"predecessor-version":[{"id":12347,"href":"https:\/\/jordivilaltapm.com\/es\/wp-json\/wp\/v2\/pages\/12342\/revisions\/12347"}],"up":[{"embeddable":true,"href":"https:\/\/jordivilaltapm.com\/es\/wp-json\/wp\/v2\/pages\/12329"}],"wp:attachment":[{"href":"https:\/\/jordivilaltapm.com\/es\/wp-json\/wp\/v2\/media?parent=12342"}],"curies":[{"name":"wp","href":"https:\/\/api.w.org\/{rel}","templated":true}]}}